{"id":800,"date":"2022-11-08T21:55:12","date_gmt":"2022-11-08T20:55:12","guid":{"rendered":"https:\/\/popchornrostock.de\/?page_id=800"},"modified":"2025-11-20T17:59:36","modified_gmt":"2025-11-20T16:59:36","slug":"vergangenes","status":"publish","type":"page","link":"https:\/\/popchornrostock.de\/?page_id=800","title":{"rendered":"Highlights"},"content":{"rendered":"\n<h2 class=\"wp-block-heading\">Sixties forever!<\/h2>\n\n\n\n<p>Die Nacht der Vocals im Rostocker Ursprung lie\u00dfen wir uns auch 2025 nicht entgehen und traten am 13.11. mit einem eigens f\u00fcr diesen Abend zusammengestellten 60er-Jahre-Programm auf. Neben unseren Klassikern wie \u201eSound of Silence\u201c (Simon &amp; Garfunkel) oder \u201eHigher and Higher\u201c (Jackie Wilson) durfte das Publikum auch zwei Premieren erleben: die frisch einstudierte Choreographie zu \u201eCome together\u201c (The Beatles) sowie den Rolling-Stones-Klassiker \u201ePainted Black\u201c, den unser Chorleiter genial f\u00fcr uns arrangiert hat. Nun freuen wir uns schon auf\u2019s n\u00e4chste Jahr \u2013 dann erwarten uns die 1970er und das Publikum ganz sicher wieder eine Premiere.<\/p>\n\n\n\n<figure class=\"wp-block-image size-large\"><img loading=\"lazy\" decoding=\"async\" width=\"1024\" height=\"576\" src=\"https:\/\/popchornrostock.de\/wp-content\/uploads\/2025\/11\/IMG_7780-1024x576.jpg\" alt=\"\" class=\"wp-image-1015\" srcset=\"https:\/\/popchornrostock.de\/wp-content\/uploads\/2025\/11\/IMG_7780-1024x576.jpg 1024w, https:\/\/popchornrostock.de\/wp-content\/uploads\/2025\/11\/IMG_7780-300x169.jpg 300w, https:\/\/popchornrostock.de\/wp-content\/uploads\/2025\/11\/IMG_7780-768x432.jpg 768w, https:\/\/popchornrostock.de\/wp-content\/uploads\/2025\/11\/IMG_7780-1536x864.jpg 1536w, https:\/\/popchornrostock.de\/wp-content\/uploads\/2025\/11\/IMG_7780-2048x1152.jpg 2048w\" sizes=\"auto, (max-width: 767px) 89vw, (max-width: 1000px) 54vw, (max-width: 1071px) 543px, 580px\" \/><\/figure>\n\n\n\n<h2 class=\"wp-block-heading\">Sing, sing, sing &#8230;<\/h2>\n\n\n\n<p>\u2026 und das ein ganzes Wochenende lang! Zu Gast war n\u00e4mlich der d\u00e4nische Chor R\u00e5creme aus dem kleinen \u00d6rtchen Humleb\u00e6k. Zusammen probten, sangen und feierten wir und erlebten, welch\u2018 verbindende Kraft das gemeinsame Musizieren haben kann. Ein Highlight des Wochenendes war ohne Frage unser Flashmob im Rostocker Hof \u2013 ein unbeschreibliches Gef\u00fchl, wenn pl\u00f6tzlich 70 Stimmen in der Einkaufspassage erklingen. Am Pfingstsonntag sangen wir dann bei Regen und Sturm gemeinsam im Kurhausgarten \u2013 ein Open-Air-Konzert, das uns wohl noch lange in Erinnerung bleiben wird. Genauso wie der Song, den wir gemeinsam mit den d\u00e4nischen G\u00e4sten einstudiert haben: Sing von den Pentatonix. Vielen Dank, R\u00e5creme, f\u00fcr Euren Besuch und vielleicht auf bald in Humleb\u00e6k!<\/p>\n\n\n\n<figure class=\"wp-block-gallery has-nested-images columns-default is-cropped wp-block-gallery-1 is-layout-flex wp-block-gallery-is-layout-flex\">\n<figure class=\"wp-block-image size-large\"><img loading=\"lazy\" decoding=\"async\" width=\"1024\" height=\"599\" data-id=\"1000\" src=\"https:\/\/popchornrostock.de\/wp-content\/uploads\/2025\/06\/FUGU5460-1024x599.jpg\" alt=\"\" class=\"wp-image-1000\" srcset=\"https:\/\/popchornrostock.de\/wp-content\/uploads\/2025\/06\/FUGU5460-1024x599.jpg 1024w, https:\/\/popchornrostock.de\/wp-content\/uploads\/2025\/06\/FUGU5460-300x176.jpg 300w, https:\/\/popchornrostock.de\/wp-content\/uploads\/2025\/06\/FUGU5460-768x449.jpg 768w, https:\/\/popchornrostock.de\/wp-content\/uploads\/2025\/06\/FUGU5460-1536x899.jpg 1536w, https:\/\/popchornrostock.de\/wp-content\/uploads\/2025\/06\/FUGU5460.jpg 1600w\" sizes=\"auto, (max-width: 767px) 89vw, (max-width: 1000px) 54vw, (max-width: 1071px) 543px, 580px\" \/><\/figure>\n<\/figure>\n\n\n\n<h2 class=\"wp-block-heading\">Come together &#8211; 25 Jahre PopChorn<\/h2>\n\n\n\n<p>Runde Geburtstage m\u00fcssen gefeiert werden und so luden wir am 10. Mai 2025 zu unserem Jubil\u00e4umskonzert in die Rostocker Nikolaikirche ein. 350 G\u00e4ste folgten unserer Einladung, um mit uns einen unvergesslichen Abend zu erleben. In PopChorn-Manier erklangen Hits der vergangenen Jahrzehnte, darunter &#8222;Under Pressure&#8220; (Queen), &#8222;Viva la Vida&#8220; (Coldplay) oder &#8222;Tage wie die diese&#8220; (Die Toten Hosen). Besonders gefreut hat uns, dass auch viele ehemalige S\u00e4ngerinnen und S\u00e4nger sowie unsere ehemaligen Chorleiter Frank Genkinger und Elke Braun mit im Publikum waren. Da lie\u00dfen wir uns die Chance nicht entgehen, alle Ehemaligen f\u00fcr einen gemeinsamen Titel auf die B\u00fchne zu bitten. Und so erklang unser Klassiker &#8222;Sound of Silence&#8220; (Simon &amp; Garfunkel), den wir tats\u00e4chlich seit 25 Jahren im Programm haben, in einer \u00fcberw\u00e4ltigenden Klangf\u00fclle, die diesen Abend f\u00fcr uns zu einer wunderbaren Erinnerung werden lie\u00df.&nbsp;<\/p>\n\n\n\n<figure class=\"wp-block-gallery has-nested-images columns-default is-cropped wp-block-gallery-2 is-layout-flex wp-block-gallery-is-layout-flex\">\n<figure class=\"wp-block-image size-large\"><img loading=\"lazy\" decoding=\"async\" width=\"1024\" height=\"768\" data-id=\"995\" src=\"https:\/\/popchornrostock.de\/wp-content\/uploads\/2025\/05\/Old-Popchorn-1024x768.jpg\" alt=\"\" class=\"wp-image-995\" srcset=\"https:\/\/popchornrostock.de\/wp-content\/uploads\/2025\/05\/Old-Popchorn-1024x768.jpg 1024w, https:\/\/popchornrostock.de\/wp-content\/uploads\/2025\/05\/Old-Popchorn-300x225.jpg 300w, https:\/\/popchornrostock.de\/wp-content\/uploads\/2025\/05\/Old-Popchorn-768x576.jpg 768w, https:\/\/popchornrostock.de\/wp-content\/uploads\/2025\/05\/Old-Popchorn-1536x1152.jpg 1536w, https:\/\/popchornrostock.de\/wp-content\/uploads\/2025\/05\/Old-Popchorn-2048x1536.jpg 2048w\" sizes=\"auto, (max-width: 767px) 89vw, (max-width: 1000px) 54vw, (max-width: 1071px) 543px, 580px\" \/><\/figure>\n<\/figure>\n\n\n\n<figure class=\"wp-block-gallery has-nested-images columns-default is-cropped wp-block-gallery-3 is-layout-flex wp-block-gallery-is-layout-flex\">\n<figure class=\"wp-block-image size-large\"><img loading=\"lazy\" decoding=\"async\" width=\"1024\" height=\"576\" data-id=\"988\" src=\"https:\/\/popchornrostock.de\/wp-content\/uploads\/2025\/05\/Ende-2-1024x576.jpg\" alt=\"\" class=\"wp-image-988\" srcset=\"https:\/\/popchornrostock.de\/wp-content\/uploads\/2025\/05\/Ende-2-1024x576.jpg 1024w, https:\/\/popchornrostock.de\/wp-content\/uploads\/2025\/05\/Ende-2-300x169.jpg 300w, https:\/\/popchornrostock.de\/wp-content\/uploads\/2025\/05\/Ende-2-768x432.jpg 768w, https:\/\/popchornrostock.de\/wp-content\/uploads\/2025\/05\/Ende-2-1536x864.jpg 1536w, https:\/\/popchornrostock.de\/wp-content\/uploads\/2025\/05\/Ende-2.jpg 1600w\" sizes=\"auto, (max-width: 767px) 89vw, (max-width: 1000px) 54vw, (max-width: 1071px) 543px, 580px\" \/><\/figure>\n<\/figure>\n\n\n\n<figure class=\"wp-block-gallery has-nested-images columns-default is-cropped wp-block-gallery-4 is-layout-flex wp-block-gallery-is-layout-flex\">\n<figure class=\"wp-block-image size-large\"><img loading=\"lazy\" decoding=\"async\" width=\"1024\" height=\"768\" data-id=\"989\" src=\"https:\/\/popchornrostock.de\/wp-content\/uploads\/2025\/05\/Publikum-1024x768.jpg\" alt=\"\" class=\"wp-image-989\" srcset=\"https:\/\/popchornrostock.de\/wp-content\/uploads\/2025\/05\/Publikum-1024x768.jpg 1024w, https:\/\/popchornrostock.de\/wp-content\/uploads\/2025\/05\/Publikum-300x225.jpg 300w, https:\/\/popchornrostock.de\/wp-content\/uploads\/2025\/05\/Publikum-768x576.jpg 768w, https:\/\/popchornrostock.de\/wp-content\/uploads\/2025\/05\/Publikum-1536x1152.jpg 1536w, https:\/\/popchornrostock.de\/wp-content\/uploads\/2025\/05\/Publikum.jpg 1600w\" sizes=\"auto, (max-width: 767px) 89vw, (max-width: 1000px) 54vw, (max-width: 1071px) 543px, 580px\" \/><\/figure>\n<\/figure>\n\n\n\n<h2 class=\"wp-block-heading\">Santa Claus is coming to town &#8230;<\/h2>\n\n\n\n<p>genauer gesagt ins Peter-Weiss-Haus bzw. auf den Rostocker Weihnachtsmarkt, wo unsere diesj\u00e4hrigen Weihnachtskonzerte stattfanden. Auf dem Programm standen u. a.  Arrangements weihnachtlicher Hits, wie \u201eThank God it\u2019s Christmas\u201c von Queen oder \u201eJingle Bell Rock\u201c von Bobby Helms. Aber auch Freunde traditioneller Adventsmusik kamen bei \u201eRing Christmas Bells\u201c oder \u201eWhile Shepherds watch their Flock\u201c auf ihre Kosten. Und gemeinsam gesungen und geschunkelt wurde auch noch: Bald ist Weihnachten von den Prinzen hatte auf jeden Fall Ohrwurmpotential!<\/p>\n\n\n\n<figure class=\"wp-block-image size-large\"><img loading=\"lazy\" decoding=\"async\" width=\"576\" height=\"1024\" src=\"https:\/\/popchornrostock.de\/wp-content\/uploads\/2024\/12\/photocollage_20241215113647789-576x1024.jpg\" alt=\"\" class=\"wp-image-975\" srcset=\"https:\/\/popchornrostock.de\/wp-content\/uploads\/2024\/12\/photocollage_20241215113647789-576x1024.jpg 576w, https:\/\/popchornrostock.de\/wp-content\/uploads\/2024\/12\/photocollage_20241215113647789-169x300.jpg 169w, https:\/\/popchornrostock.de\/wp-content\/uploads\/2024\/12\/photocollage_20241215113647789-768x1366.jpg 768w, https:\/\/popchornrostock.de\/wp-content\/uploads\/2024\/12\/photocollage_20241215113647789-864x1536.jpg 864w, https:\/\/popchornrostock.de\/wp-content\/uploads\/2024\/12\/photocollage_20241215113647789-1152x2048.jpg 1152w, https:\/\/popchornrostock.de\/wp-content\/uploads\/2024\/12\/photocollage_20241215113647789-scaled.jpg 1440w\" sizes=\"auto, (max-width: 576px) 100vw, 576px\" \/><figcaption class=\"wp-element-caption\">11.12.2024 im Peter-Weiss-Haus<\/figcaption><\/figure>\n\n\n\n<figure class=\"wp-block-image size-large\"><img loading=\"lazy\" decoding=\"async\" width=\"1024\" height=\"768\" src=\"https:\/\/popchornrostock.de\/wp-content\/uploads\/2024\/12\/IMG-20241214-WA0003-1024x768.jpg\" alt=\"\" class=\"wp-image-976\" srcset=\"https:\/\/popchornrostock.de\/wp-content\/uploads\/2024\/12\/IMG-20241214-WA0003-1024x768.jpg 1024w, https:\/\/popchornrostock.de\/wp-content\/uploads\/2024\/12\/IMG-20241214-WA0003-300x225.jpg 300w, https:\/\/popchornrostock.de\/wp-content\/uploads\/2024\/12\/IMG-20241214-WA0003-768x576.jpg 768w, https:\/\/popchornrostock.de\/wp-content\/uploads\/2024\/12\/IMG-20241214-WA0003-1536x1152.jpg 1536w, https:\/\/popchornrostock.de\/wp-content\/uploads\/2024\/12\/IMG-20241214-WA0003-2048x1536.jpg 2048w\" sizes=\"auto, (max-width: 767px) 89vw, (max-width: 1000px) 54vw, (max-width: 1071px) 543px, 580px\" \/><figcaption class=\"wp-element-caption\">14.12.2024 auf dem Rostocker Weihnachtsmarkt<\/figcaption><\/figure>\n\n\n\n<h2 class=\"wp-block-heading\">Rock around the clock &#8230;<\/h2>\n\n\n\n<p>hie\u00df es am 08. November 2024 im Ursprung, denn die allj\u00e4hrliche Nacht der Vocals stand unter dem Motto \u201eDie F\u00fcnziger\u201c. Da durfte der Klassiker von Bill Haley &amp; His Comets nat\u00fcrlich nicht fehlen. Auch Lollipop oder Mister Sandmann (beides von den Chordettes) waren auf unserer Zeitreise zu h\u00f6ren und lie\u00dfen sowohl uns Popch\u00f6rner als auch das Publikum in Nostalgie schwelgen.<\/p>\n\n\n\n<figure class=\"wp-block-image size-large\"><img loading=\"lazy\" decoding=\"async\" width=\"1024\" height=\"647\" src=\"https:\/\/popchornrostock.de\/wp-content\/uploads\/2024\/11\/Screenshot_20241127_124510_Gallery-1024x647.jpg\" alt=\"\" class=\"wp-image-957\" srcset=\"https:\/\/popchornrostock.de\/wp-content\/uploads\/2024\/11\/Screenshot_20241127_124510_Gallery-1024x647.jpg 1024w, https:\/\/popchornrostock.de\/wp-content\/uploads\/2024\/11\/Screenshot_20241127_124510_Gallery-300x189.jpg 300w, https:\/\/popchornrostock.de\/wp-content\/uploads\/2024\/11\/Screenshot_20241127_124510_Gallery-768x485.jpg 768w, https:\/\/popchornrostock.de\/wp-content\/uploads\/2024\/11\/Screenshot_20241127_124510_Gallery-1536x970.jpg 1536w, https:\/\/popchornrostock.de\/wp-content\/uploads\/2024\/11\/Screenshot_20241127_124510_Gallery-2048x1294.jpg 2048w\" sizes=\"auto, (max-width: 767px) 89vw, (max-width: 1000px) 54vw, (max-width: 1071px) 543px, 580px\" \/><\/figure>\n\n\n\n<h2 class=\"wp-block-heading\">It&#8217;s Christmas 2023<\/h2>\n\n\n\n<p>Weihnachtskonzerte sind immer besondere Konzerte &#8211; erst recht bei PopChorn, denn neben weihnachtlich Besinnlichem gab es in der Aula des Innerst\u00e4dtischen Gymnasiums in Rostock jede Menge Schwungvolles aus der Rock- und Popgeschichte. Ganz nach dem Motto \u201eLet the jingle bells rock\u201c erlebte das Publikum ein Weihnachtskonzert mit Mitwippgarantie.<\/p>\n\n\n\n<figure class=\"wp-block-gallery has-nested-images columns-default is-cropped wp-block-gallery-5 is-layout-flex wp-block-gallery-is-layout-flex\">\n<figure class=\"wp-block-image size-large\"><img loading=\"lazy\" decoding=\"async\" width=\"1024\" height=\"766\" data-id=\"894\" src=\"https:\/\/popchornrostock.de\/wp-content\/uploads\/2023\/12\/Weihnachtskonzert-ISG-1024x766.jpg\" alt=\"\" class=\"wp-image-894\" srcset=\"https:\/\/popchornrostock.de\/wp-content\/uploads\/2023\/12\/Weihnachtskonzert-ISG-1024x766.jpg 1024w, https:\/\/popchornrostock.de\/wp-content\/uploads\/2023\/12\/Weihnachtskonzert-ISG-300x224.jpg 300w, https:\/\/popchornrostock.de\/wp-content\/uploads\/2023\/12\/Weihnachtskonzert-ISG-768x574.jpg 768w, https:\/\/popchornrostock.de\/wp-content\/uploads\/2023\/12\/Weihnachtskonzert-ISG-1536x1149.jpg 1536w, https:\/\/popchornrostock.de\/wp-content\/uploads\/2023\/12\/Weihnachtskonzert-ISG.jpg 2000w\" sizes=\"auto, (max-width: 767px) 89vw, (max-width: 1000px) 54vw, (max-width: 1071px) 543px, 580px\" \/><\/figure>\n<\/figure>\n\n\n\n<h2 class=\"wp-block-heading\">Nacht der Vocals<\/h2>\n\n\n\n<p>Eine liebgewonnene Tradition ist die Nacht der Vocals, die jedes Jahr im November im Ursprung stattfindet. Und so waren wir auch 2023 wieder gern dabei und pr\u00e4sentierten eine bunte Mischung aus unserem Programm, u. a. den Titel Happy (Pharell Williams), der uns auf der B\u00fchne mindestens ebenso viel Spa\u00df machte wie dem Publikum. <\/p>\n\n\n\n<figure class=\"wp-block-image size-large\"><img loading=\"lazy\" decoding=\"async\" width=\"1024\" height=\"768\" src=\"https:\/\/popchornrostock.de\/wp-content\/uploads\/2023\/11\/Ursprung-2023-1024x768.jpg\" alt=\"\" class=\"wp-image-889\" srcset=\"https:\/\/popchornrostock.de\/wp-content\/uploads\/2023\/11\/Ursprung-2023-1024x768.jpg 1024w, https:\/\/popchornrostock.de\/wp-content\/uploads\/2023\/11\/Ursprung-2023-300x225.jpg 300w, https:\/\/popchornrostock.de\/wp-content\/uploads\/2023\/11\/Ursprung-2023-768x576.jpg 768w, https:\/\/popchornrostock.de\/wp-content\/uploads\/2023\/11\/Ursprung-2023-1536x1152.jpg 1536w, https:\/\/popchornrostock.de\/wp-content\/uploads\/2023\/11\/Ursprung-2023.jpg 2048w\" sizes=\"auto, (max-width: 767px) 89vw, (max-width: 1000px) 54vw, (max-width: 1071px) 543px, 580px\" \/><\/figure>\n\n\n\n<h2 class=\"wp-block-heading\">An Tagen wie diesen &#8230;<\/h2>\n\n\n\n<p>\u2026 w\u00fcnscht man sich Unendlichkeit. Mit diesem Titel der Toten Hosen er\u00f6ffneten wir unseren Auftritt beim Insel- und Strandfest am 02.07.2023 in Schwerin und mit diesem Gef\u00fchl schwebten wir am Ende des Tages als Sieger des NDR Chor Contests nach Hause. Sieben Ch\u00f6re waren angetreten, um Ihr K\u00f6nnen zu pr\u00e4sentieren, vor allem aber, um das Publikum mit guter Laune und Sangesfreude zu unterhalten. Und so wippten denn auch viele G\u00e4ste bei unseren Liedern mit und lie\u00dfen sich von Titeln wie Lollipop (Chordettes), Can\u2019t take my eyes off you (Frankie Valli) oder Proud Mary (Tina Turner) mitrei\u00dfen. Wir hatten auf jeden Fall viel Spa\u00df auf der B\u00fchne und dass am Ende sogar der 1. Platz dabei herauskam, war eine wunderbare \u00dcberraschung und ein toller Abschluss der Saison. &nbsp;&nbsp;<\/p>\n\n\n\n<figure class=\"wp-block-image size-full\"><img loading=\"lazy\" decoding=\"async\" width=\"1024\" height=\"768\" src=\"https:\/\/popchornrostock.de\/wp-content\/uploads\/2023\/07\/IMG-20230702-WA0009.jpg\" alt=\"\" class=\"wp-image-880\" srcset=\"https:\/\/popchornrostock.de\/wp-content\/uploads\/2023\/07\/IMG-20230702-WA0009.jpg 1024w, https:\/\/popchornrostock.de\/wp-content\/uploads\/2023\/07\/IMG-20230702-WA0009-300x225.jpg 300w, https:\/\/popchornrostock.de\/wp-content\/uploads\/2023\/07\/IMG-20230702-WA0009-768x576.jpg 768w\" sizes=\"auto, (max-width: 767px) 89vw, (max-width: 1000px) 54vw, (max-width: 1071px) 543px, 580px\" \/><\/figure>\n\n\n\n<figure class=\"wp-block-image size-full\"><img loading=\"lazy\" decoding=\"async\" width=\"1024\" height=\"768\" src=\"https:\/\/popchornrostock.de\/wp-content\/uploads\/2023\/07\/IMG-20230702-WA0011.jpg\" alt=\"\" class=\"wp-image-881\" srcset=\"https:\/\/popchornrostock.de\/wp-content\/uploads\/2023\/07\/IMG-20230702-WA0011.jpg 1024w, https:\/\/popchornrostock.de\/wp-content\/uploads\/2023\/07\/IMG-20230702-WA0011-300x225.jpg 300w, https:\/\/popchornrostock.de\/wp-content\/uploads\/2023\/07\/IMG-20230702-WA0011-768x576.jpg 768w\" sizes=\"auto, (max-width: 767px) 89vw, (max-width: 1000px) 54vw, (max-width: 1071px) 543px, 580px\" \/><\/figure>\n\n\n\n<figure class=\"wp-block-image size-full\"><img loading=\"lazy\" decoding=\"async\" width=\"1024\" height=\"576\" src=\"https:\/\/popchornrostock.de\/wp-content\/uploads\/2023\/07\/IMG-20230702-WA0003.jpg\" alt=\"\" class=\"wp-image-882\" srcset=\"https:\/\/popchornrostock.de\/wp-content\/uploads\/2023\/07\/IMG-20230702-WA0003.jpg 1024w, https:\/\/popchornrostock.de\/wp-content\/uploads\/2023\/07\/IMG-20230702-WA0003-300x169.jpg 300w, https:\/\/popchornrostock.de\/wp-content\/uploads\/2023\/07\/IMG-20230702-WA0003-768x432.jpg 768w\" sizes=\"auto, (max-width: 767px) 89vw, (max-width: 1000px) 54vw, (max-width: 1071px) 543px, 580px\" \/><\/figure>\n\n\n\n<h2 class=\"wp-block-heading\">Zusammen &#8230;<\/h2>\n\n\n\n<p>&#8230; sind wir unverkennbar\u201c &#8211; hei\u00dft es in einem Song der Fantastischen Vier. Die Textzeile war sprichw\u00f6rtlich Programm am 7. Mai 2023, als wir gemeinsam mit dem Kinderchor der Singakademie ein Konzert in der Nikolaikirche in Rostock gaben. Vor gro\u00dfem Publikum erklangen englische, deutsche und franz\u00f6sische Lieder in einer bunten Mischung aus Jazz, Gospel, Rock und Pop. Es war uns eine gro\u00dfe Ehre, mit dem Kinderchor sowie dem Vorchor gemeinsam auf der B\u00fchne zu stehen und nat\u00fcrlich auch den namensgebenden Song des Konzerts zum Besten zu geben. Begleitet wurden wir von unserer Pianistin Ekaterina Nazarova und dem Gitarristen Stephan Wegner. Mit dem Abba-Klassiker \u201eThank you for the music\u201c beendeten wir den musikalischen Nachmittag und bescherten dem Publikum damit vermutlich einen Ohrwurm f\u00fcr den Nachhauseweg.<\/p>\n\n\n\n<figure class=\"wp-block-image size-full\"><img loading=\"lazy\" decoding=\"async\" width=\"1024\" height=\"576\" src=\"https:\/\/popchornrostock.de\/wp-content\/uploads\/2023\/05\/IMG-20230507-WA0021.jpg\" alt=\"\" class=\"wp-image-836\" srcset=\"https:\/\/popchornrostock.de\/wp-content\/uploads\/2023\/05\/IMG-20230507-WA0021.jpg 1024w, https:\/\/popchornrostock.de\/wp-content\/uploads\/2023\/05\/IMG-20230507-WA0021-300x169.jpg 300w, https:\/\/popchornrostock.de\/wp-content\/uploads\/2023\/05\/IMG-20230507-WA0021-768x432.jpg 768w\" sizes=\"auto, (max-width: 767px) 89vw, (max-width: 1000px) 54vw, (max-width: 1071px) 543px, 580px\" \/><\/figure>\n\n\n\n<figure class=\"wp-block-image size-large\"><img loading=\"lazy\" decoding=\"async\" width=\"1024\" height=\"768\" src=\"https:\/\/popchornrostock.de\/wp-content\/uploads\/2023\/05\/IMG-20230507-WA0020-1024x768.jpg\" alt=\"\" class=\"wp-image-837\" srcset=\"https:\/\/popchornrostock.de\/wp-content\/uploads\/2023\/05\/IMG-20230507-WA0020-1024x768.jpg 1024w, https:\/\/popchornrostock.de\/wp-content\/uploads\/2023\/05\/IMG-20230507-WA0020-300x225.jpg 300w, https:\/\/popchornrostock.de\/wp-content\/uploads\/2023\/05\/IMG-20230507-WA0020-768x576.jpg 768w, https:\/\/popchornrostock.de\/wp-content\/uploads\/2023\/05\/IMG-20230507-WA0020-1536x1152.jpg 1536w, https:\/\/popchornrostock.de\/wp-content\/uploads\/2023\/05\/IMG-20230507-WA0020.jpg 2048w\" sizes=\"auto, (max-width: 767px) 89vw, (max-width: 1000px) 54vw, (max-width: 1071px) 543px, 580px\" \/><\/figure>\n\n\n\n<h2 class=\"wp-block-heading\">Jingle bells rock &#8230;<\/h2>\n\n\n\n<p>Endlich wieder Weihnachtskonzerte! Nachdem wir zwei Jahre ohne auskommen mussten, nutzten wir in diesem Jahr die Chance und gaben gleich zwei Weihnachtskonzerte. Am 26.11.2022 stimmten wir die BesucherInnen des Rostocker Weihnachtsmarktes auf die Weihnachtszeit ein. Auf der B\u00fchne am Neuen Markt lie\u00dfen wir allerlei Weihnachtliches erklingen, u. a. <em>A star is shining tonight<\/em> oder <em>Ring Christmas Bells<\/em>. Bei unserem zweiten Weihnachtskonzert am 14.12.2022 erf\u00fcllten wir das Peter-Weiss-Haus mit weihnachtlichen Kl\u00e4ngen und brachten Titel wie <em>Thank God it\u2019s Christmas<\/em> (Queen) oder <em>While Shepherds rocked<\/em> auf die B\u00fchne. Daneben gab es eine bunte Mischung aus Klassikern der Rock- und Popgeschichte wie <em>Viva la Vida<\/em> (Coldplay), <em>Truly Madly Deeply<\/em> (Savage Garden) oder <em>Everyday<\/em> (Slade). Schon jetzt freuen wir uns auf die n\u00e4chste Weihnachtssaison, wenn es wieder hei\u00dft: <em>Jingle bells rock<\/em>!<\/p>\n\n\n\n<figure class=\"wp-block-gallery has-nested-images columns-default is-cropped wp-block-gallery-6 is-layout-flex wp-block-gallery-is-layout-flex\">\n<figure class=\"wp-block-image size-large\"><img loading=\"lazy\" decoding=\"async\" width=\"1024\" height=\"768\" data-id=\"818\" src=\"https:\/\/popchornrostock.de\/wp-content\/uploads\/2022\/12\/IMG-20221215-WA0008-1024x768.jpg\" alt=\"\" class=\"wp-image-818\" srcset=\"https:\/\/popchornrostock.de\/wp-content\/uploads\/2022\/12\/IMG-20221215-WA0008-1024x768.jpg 1024w, https:\/\/popchornrostock.de\/wp-content\/uploads\/2022\/12\/IMG-20221215-WA0008-300x225.jpg 300w, https:\/\/popchornrostock.de\/wp-content\/uploads\/2022\/12\/IMG-20221215-WA0008-768x576.jpg 768w, https:\/\/popchornrostock.de\/wp-content\/uploads\/2022\/12\/IMG-20221215-WA0008-1536x1152.jpg 1536w, https:\/\/popchornrostock.de\/wp-content\/uploads\/2022\/12\/IMG-20221215-WA0008.jpg 2048w\" sizes=\"auto, (max-width: 767px) 89vw, (max-width: 1000px) 54vw, (max-width: 1071px) 543px, 580px\" \/><figcaption class=\"wp-element-caption\">Peter-Weiss-Haus<\/figcaption><\/figure>\n<\/figure>\n\n\n\n<p><\/p>\n\n\n\n<h3 class=\"wp-block-heading\">8. Landeschorwettbewerb Mecklenburg-Vorpommern in Demmin<\/h3>\n\n\n\n<p>Gemeinsam singen macht gl\u00fccklich. Das konnten wir wieder einmal feststellen, als wir am 5.11.2022 beim Landeschorwettbewerb teilnahmen. Auch wenn wir au\u00dferhalb der Wertung antraten, war die Spannung in der bis auf den letzten Platz gef\u00fcllten Aula des Demminer Goethe-Gymnasiums zu sp\u00fcren. Mit einer Mischung aus lebhaften und gef\u00fchlvollen St\u00fccken, u. a. <em>River of Dreams<\/em> (Billy Joel), <em>Dust in the wind<\/em> (Kerry Livgren) und <em>Can\u2019t take my eyes off you<\/em> (Bob Crewe) versuchten wir die Jury und das Publikum zu \u00fcberzeugen. Der tosende Applaus am Ende zeigte, dass es uns offenbar gelungen war. Ein weiterer H\u00f6hepunkt des Tages war die Abschlussveranstaltung in der Evangelischen Kirche St. Bartholomaei. Hier durften wir zwei unserer St\u00fccke pr\u00e4sentieren: <em>Legenden<\/em> (Max Giesinger) und <em>As I went down to the River<\/em> (Traditional). \u00dcberw\u00e4ltigt von dem Klang und der Atmosph\u00e4re in dieser sch\u00f6nen Kirche, fuhren wir gl\u00fccklich und voller musikalischer Eindr\u00fccke nach Hause. Vielen Dank allen Beteiligten f\u00fcr dieses wunderbare Erlebnis!<\/p>\n\n\n\n<figure class=\"wp-block-image size-large\"><img loading=\"lazy\" decoding=\"async\" width=\"1024\" height=\"484\" src=\"https:\/\/popchornrostock.de\/wp-content\/uploads\/2022\/11\/Kirche-Demmin-1024x484.jpg\" alt=\"\" class=\"wp-image-806\" srcset=\"https:\/\/popchornrostock.de\/wp-content\/uploads\/2022\/11\/Kirche-Demmin-1024x484.jpg 1024w, https:\/\/popchornrostock.de\/wp-content\/uploads\/2022\/11\/Kirche-Demmin-300x142.jpg 300w, https:\/\/popchornrostock.de\/wp-content\/uploads\/2022\/11\/Kirche-Demmin-768x363.jpg 768w, https:\/\/popchornrostock.de\/wp-content\/uploads\/2022\/11\/Kirche-Demmin-1536x727.jpg 1536w, https:\/\/popchornrostock.de\/wp-content\/uploads\/2022\/11\/Kirche-Demmin.jpg 1824w\" sizes=\"auto, (max-width: 767px) 89vw, (max-width: 1000px) 54vw, (max-width: 1071px) 543px, 580px\" \/><\/figure>\n\n\n\n<h3 class=\"wp-block-heading\">Auftritt beim NDR-Chor-Contest<\/h3>\n\n\n\n<p>Nach einer gef\u00fchlten Ewigkeit ohne Auftritte nahmen wir am 26.06.2022 am NDR-Chor-Contest in Schwerin teil. Auf der Open-Air-B\u00fchne am Zippendorfer Strand gaben wir unser Bestes mit einer kleinen Auswahl unserer St\u00fccke: The Power of Love (Huey Lewis &amp; The News), Dust in the Wind (Kansas), Legenden (Max Giesinger), Truly Madly Deeply (Savage Garden), Our House (Madness), Bridge over Troubled Water (Simon &amp; Garfunkel) und Sound of Silence (Simon &amp; Garfunkel). Ein gewaltiger Gewitterguss in der Mitte unseres Auftritts brachte uns nicht nur eine Menge Zuschauer*innen, die sich unter das Zeltdach fl\u00fcchteten, sondern vielleicht auch das Qu\u00e4ntchen Gl\u00fcck, das uns schlie\u00dflich den 2. Platz im Wettbewerb einbrachte.<\/p>\n\n\n\n<figure class=\"wp-block-image size-full\"><img loading=\"lazy\" decoding=\"async\" width=\"1000\" height=\"450\" src=\"https:\/\/popchornrostock.de\/wp-content\/uploads\/2022\/06\/Auftritt_Schwerin.jpg\" alt=\"\" class=\"wp-image-746\" srcset=\"https:\/\/popchornrostock.de\/wp-content\/uploads\/2022\/06\/Auftritt_Schwerin.jpg 1000w, https:\/\/popchornrostock.de\/wp-content\/uploads\/2022\/06\/Auftritt_Schwerin-300x135.jpg 300w, https:\/\/popchornrostock.de\/wp-content\/uploads\/2022\/06\/Auftritt_Schwerin-768x346.jpg 768w\" sizes=\"auto, (max-width: 767px) 89vw, (max-width: 1000px) 54vw, (max-width: 1071px) 543px, 580px\" \/><\/figure>\n","protected":false},"excerpt":{"rendered":"<p>Sixties forever! Die Nacht der Vocals im Rostocker Ursprung lie\u00dfen wir uns auch 2025 nicht entgehen und traten am 13.11. mit einem eigens f\u00fcr diesen Abend zusammengestellten 60er-Jahre-Programm auf. Neben &hellip; <\/p>\n<p class=\"link-more\"><a href=\"https:\/\/popchornrostock.de\/?page_id=800\" class=\"more-link\"><span class=\"screen-reader-text\">\u201eHighlights\u201c <\/span>weiterlesen<\/a><\/p>\n","protected":false},"author":1,"featured_media":0,"parent":0,"menu_order":0,"comment_status":"closed","ping_status":"closed","template":"","meta":{"ngg_post_thumbnail":0,"footnotes":""},"class_list":["post-800","page","type-page","status-publish","hentry"],"_links":{"self":[{"href":"https:\/\/popchornrostock.de\/index.php?rest_route=\/wp\/v2\/pages\/800","targetHints":{"allow":["GET"]}}],"collection":[{"href":"https:\/\/popchornrostock.de\/index.php?rest_route=\/wp\/v2\/pages"}],"about":[{"href":"https:\/\/popchornrostock.de\/index.php?rest_route=\/wp\/v2\/types\/page"}],"author":[{"embeddable":true,"href":"https:\/\/popchornrostock.de\/index.php?rest_route=\/wp\/v2\/users\/1"}],"replies":[{"embeddable":true,"href":"https:\/\/popchornrostock.de\/index.php?rest_route=%2Fwp%2Fv2%2Fcomments&post=800"}],"version-history":[{"count":20,"href":"https:\/\/popchornrostock.de\/index.php?rest_route=\/wp\/v2\/pages\/800\/revisions"}],"predecessor-version":[{"id":1016,"href":"https:\/\/popchornrostock.de\/index.php?rest_route=\/wp\/v2\/pages\/800\/revisions\/1016"}],"wp:attachment":[{"href":"https:\/\/popchornrostock.de\/index.php?rest_route=%2Fwp%2Fv2%2Fmedia&parent=800"}],"curies":[{"name":"wp","href":"https:\/\/api.w.org\/{rel}","templated":true}]}}