{"id":1053,"date":"2026-05-11T10:58:21","date_gmt":"2026-05-11T08:58:21","guid":{"rendered":"https:\/\/popchornrostock.de\/?page_id=1053"},"modified":"2026-05-11T11:00:50","modified_gmt":"2026-05-11T09:00:50","slug":"historie-des-popchorn","status":"publish","type":"page","link":"https:\/\/popchornrostock.de\/?page_id=1053","title":{"rendered":"Historie des PopChorn"},"content":{"rendered":"\n<ul class=\"wp-block-list\">\n<li>2000 Gr\u00fcndung an der Rock und Popschule Rostock unter Chorleiter David Hupe<\/li>\n\n\n\n<li>2002 Frank Genkinger \u00fcbernimmt die Chorleitung<\/li>\n\n\n\n<li>2003 Popchorn goes swimming, Konzert im Vanderfalk Resort Linstow<\/li>\n\n\n\n<li>2003 Popchorn auf der IGA-Hauptb\u00fchne in Rostock<\/li>\n\n\n\n<li>2005 Konzert im Theater Caf\u00e9 Scharlotte Berlin mit dem Chor Village Voices<\/li>\n\n\n\n<li>2005 Landeschorwettbewerb Waren: 2. Platz<\/li>\n\n\n\n<li>2006 Chorfest Bremen mit Chorwettbewerb<\/li>\n\n\n\n<li>2007 Kloster Wake-up in der HMT Rostock mit der Bigband Funjazztick<\/li>\n\n\n\n<li>2007 Auftritt im Bremer Schlachthof<\/li>\n\n\n\n<li>2009 Kloster Wake-up reloaded in der HMT Rostock mit der Band BrassAppeal<\/li>\n\n\n\n<li>2009 Popchorn er\u00f6\u01afnet die Klangscheune in Ilow<\/li>\n\n\n\n<li>2010 Breakfree im Moya Rostock mit der Breakdance Connection M-V e.V.<\/li>\n\n\n\n<li>2011 Somebody to love im Peter Weiss Haus Rostock mit dem Chor Cantaloop<\/li>\n\n\n\n<li>2012 Susi Koch \u00fcbernimmt die Chorleitung<\/li>\n\n\n\n<li>2013 Elke Braun \u00fcbernimmt die Chorleitung<\/li>\n\n\n\n<li>2014 Auftritt mit Rockband Foreigner in der Rostocker Stadthalle<\/li>\n\n\n\n<li>2017 Teilnahme am Landeschortreffen in Rostock<\/li>\n\n\n\n<li>2017 Dmitry Krasilnikov \u00fcbernimmt die Chorleitung<\/li>\n\n\n\n<li>2022 Teilnahme am Landeschortre\u01afen in Demmin<\/li>\n\n\n\n<li>2023 1. Platz beim NDR Chor Contest in Schwerin<\/li>\n\n\n\n<li>2024 Chorfest MV in Teterow<\/li>\n\n\n\n<li>2025 Mai: Konzert in der Rostocker Nikolaikirche mit 200 G\u00e4sten zum 25-j\u00e4hrigen Chorjubil\u00e4um<\/li>\n\n\n\n<li>2025 Juni: Besuch vom d\u00e4nischen Chor Racreme mit Konzert in Warnem\u00fcnde<\/li>\n<\/ul>\n\n\n\n<p><\/p>\n","protected":false},"excerpt":{"rendered":"","protected":false},"author":1,"featured_media":0,"parent":0,"menu_order":0,"comment_status":"closed","ping_status":"closed","template":"","meta":{"ngg_post_thumbnail":0,"footnotes":""},"class_list":["post-1053","page","type-page","status-publish","hentry"],"_links":{"self":[{"href":"https:\/\/popchornrostock.de\/index.php?rest_route=\/wp\/v2\/pages\/1053","targetHints":{"allow":["GET"]}}],"collection":[{"href":"https:\/\/popchornrostock.de\/index.php?rest_route=\/wp\/v2\/pages"}],"about":[{"href":"https:\/\/popchornrostock.de\/index.php?rest_route=\/wp\/v2\/types\/page"}],"author":[{"embeddable":true,"href":"https:\/\/popchornrostock.de\/index.php?rest_route=\/wp\/v2\/users\/1"}],"replies":[{"embeddable":true,"href":"https:\/\/popchornrostock.de\/index.php?rest_route=%2Fwp%2Fv2%2Fcomments&post=1053"}],"version-history":[{"count":3,"href":"https:\/\/popchornrostock.de\/index.php?rest_route=\/wp\/v2\/pages\/1053\/revisions"}],"predecessor-version":[{"id":1059,"href":"https:\/\/popchornrostock.de\/index.php?rest_route=\/wp\/v2\/pages\/1053\/revisions\/1059"}],"wp:attachment":[{"href":"https:\/\/popchornrostock.de\/index.php?rest_route=%2Fwp%2Fv2%2Fmedia&parent=1053"}],"curies":[{"name":"wp","href":"https:\/\/api.w.org\/{rel}","templated":true}]}}